{"id":8,"date":"2020-08-18T15:18:06","date_gmt":"2020-08-18T13:18:06","guid":{"rendered":"https:\/\/detective-roc.ch\/?page_id=8"},"modified":"2020-08-31T12:52:49","modified_gmt":"2020-08-31T10:52:49","slug":"agence-roc","status":"publish","type":"page","link":"https:\/\/detective-roc.ch\/","title":{"rendered":"Agence ROC"},"content":{"rendered":"\t\t<div data-elementor-type=\"wp-page\" data-elementor-id=\"8\" class=\"elementor elementor-8\" data-elementor-settings=\"[]\">\n\t\t\t<div class=\"elementor-inner\">\n\t\t\t\t<div class=\"elementor-section-wrap\">\n\t\t\t\t\t\t\t<section class=\"elementor-element elementor-element-23c0587b elementor-section-height-min-height elementor-section-full_width elementor-section-items-stretch elementor-section-height-default elementor-section elementor-top-section\" data-id=\"23c0587b\" data-element_type=\"section\" data-settings=\"{&quot;background_background&quot;:&quot;classic&quot;}\">\n\t\t\t\t\t\t<div class=\"elementor-container elementor-column-gap-default\">\n\t\t\t\t<div class=\"elementor-row\">\n\t\t\t\t<div class=\"elementor-element elementor-element-b796a4e elementor-column elementor-col-50 elementor-top-column\" data-id=\"b796a4e\" data-element_type=\"column\">\n\t\t\t<div class=\"elementor-column-wrap  elementor-element-populated\">\n\t\t\t\t\t<div class=\"elementor-widget-wrap\">\n\t\t\t\t<div class=\"elementor-element elementor-element-a1591b elementor-widget elementor-widget-heading\" data-id=\"a1591b\" data-element_type=\"widget\" data-widget_type=\"heading.default\">\n\t\t\t\t<div class=\"elementor-widget-container\">\n\t\t\t<h1 class=\"elementor-heading-title elementor-size-default\">Agence ROC<\/h1>\t\t<\/div>\n\t\t\t\t<\/div>\n\t\t\t\t<div class=\"elementor-element elementor-element-2bd81e65 elementor-widget elementor-widget-heading\" data-id=\"2bd81e65\" data-element_type=\"widget\" data-widget_type=\"heading.default\">\n\t\t\t\t<div class=\"elementor-widget-container\">\n\t\t\t<h3 class=\"elementor-heading-title elementor-size-default\">Renseignement Op\u00e9rationnelle Confidentielle\n\n<\/h3>\t\t<\/div>\n\t\t\t\t<\/div>\n\t\t\t\t<div class=\"elementor-element elementor-element-405136f5 elementor-widget elementor-widget-heading\" data-id=\"405136f5\" data-element_type=\"widget\" data-widget_type=\"heading.default\">\n\t\t\t\t<div class=\"elementor-widget-container\">\n\t\t\t<h3 class=\"elementor-heading-title elementor-size-default\">Dipl\u00f4me de d\u00e9tective et experte en contre-enqu\u00eate\n\n<\/h3>\t\t<\/div>\n\t\t\t\t<\/div>\n\t\t\t\t<div class=\"elementor-element elementor-element-6f4ec053 elementor-widget elementor-widget-text-editor\" data-id=\"6f4ec053\" data-element_type=\"widget\" data-widget_type=\"text-editor.default\">\n\t\t\t\t<div class=\"elementor-widget-container\">\n\t\t\t\t\t<div class=\"elementor-text-editor elementor-clearfix\"><p>L\u2019Agence ROC est une agence d\u2019investigation, d\u2019enqu\u00eate et de renseignements qui intervient dans divers secteurs d\u2019activit\u00e9, tant professionnels que priv\u00e9s.<\/p><\/div>\n\t\t\t\t<\/div>\n\t\t\t\t<\/div>\n\t\t\t\t\t\t<\/div>\n\t\t\t<\/div>\n\t\t<\/div>\n\t\t\t\t<div class=\"elementor-element elementor-element-3e14659d elementor-column elementor-col-50 elementor-top-column\" data-id=\"3e14659d\" data-element_type=\"column\" data-settings=\"{&quot;background_background&quot;:&quot;classic&quot;}\">\n\t\t\t<div class=\"elementor-column-wrap  elementor-element-populated\">\n\t\t\t\t\t\t\t<div class=\"elementor-background-overlay\"><\/div>\n\t\t\t\t\t<div class=\"elementor-widget-wrap\">\n\t\t\t\t<div class=\"elementor-element elementor-element-4ec76f3b elementor-widget elementor-widget-spacer\" data-id=\"4ec76f3b\" data-element_type=\"widget\" data-widget_type=\"spacer.default\">\n\t\t\t\t<div class=\"elementor-widget-container\">\n\t\t\t\t\t<div class=\"elementor-spacer\">\n\t\t\t<div class=\"elementor-spacer-inner\"><\/div>\n\t\t<\/div>\n\t\t\t\t<\/div>\n\t\t\t\t<\/div>\n\t\t\t\t\t\t<\/div>\n\t\t\t<\/div>\n\t\t<\/div>\n\t\t\t\t\t\t<\/div>\n\t\t\t<\/div>\n\t\t<\/section>\n\t\t\t\t<section class=\"elementor-element elementor-element-56dc081 elementor-section-boxed elementor-section-height-default elementor-section-height-default elementor-section elementor-top-section\" data-id=\"56dc081\" data-element_type=\"section\">\n\t\t\t\t\t\t<div class=\"elementor-container elementor-column-gap-default\">\n\t\t\t\t<div class=\"elementor-row\">\n\t\t\t\t<div class=\"elementor-element elementor-element-29c2ee45 elementor-column elementor-col-100 elementor-top-column\" data-id=\"29c2ee45\" data-element_type=\"column\">\n\t\t\t<div class=\"elementor-column-wrap  elementor-element-populated\">\n\t\t\t\t\t<div class=\"elementor-widget-wrap\">\n\t\t\t\t<div class=\"elementor-element elementor-element-4e1dfa0b elementor-widget elementor-widget-heading\" data-id=\"4e1dfa0b\" data-element_type=\"widget\" data-widget_type=\"heading.default\">\n\t\t\t\t<div class=\"elementor-widget-container\">\n\t\t\t<h2 class=\"elementor-heading-title elementor-size-default\">Notre objectif ?<\/h2>\t\t<\/div>\n\t\t\t\t<\/div>\n\t\t\t\t<div class=\"elementor-element elementor-element-7a6ee15d elementor-widget elementor-widget-text-editor\" data-id=\"7a6ee15d\" data-element_type=\"widget\" data-widget_type=\"text-editor.default\">\n\t\t\t\t<div class=\"elementor-widget-container\">\n\t\t\t\t\t<div class=\"elementor-text-editor elementor-clearfix\"><p>Vous aider \u00e0 d\u00e9fendre vos int\u00e9r\u00eats en \u00e9tablissant un rapport pr\u00e9cis tant sur le plan l\u00e9gal qu\u2019\u00e9thique.<\/p><p>A chaque dossier sa r\u00e9ponse adapt\u00e9e\u00a0: nous tenons \u00e0 prendre le temps d\u2019\u00e9valuer pr\u00e9cis\u00e9ment les demandes et les objectifs de nos clients pour offrir une solution adapt\u00e9e.<\/p><p>Nous travaillons sur des demandes ponctuelles, mais aussi des dossiers qui n\u00e9cessitent un suivi sur le long terme.<\/p><p>Flexibles et r\u00e9actifs, nous savons anticiper et \u00e9voluer en fonction des situations et des mandats pour traiter vos demandes dans les plus brefs d\u00e9lais.<\/p><p>Notre force r\u00e9side dans la pluralit\u00e9 de nos prestations.<\/p><p>L\u2019Agence ROC vous certifie une totale confidentialit\u00e9 et vous garanti la protection de vos donn\u00e9es et des enqu\u00eates r\u00e9alis\u00e9es.<\/p><\/div>\n\t\t\t\t<\/div>\n\t\t\t\t<\/div>\n\t\t\t\t\t\t<\/div>\n\t\t\t<\/div>\n\t\t<\/div>\n\t\t\t\t\t\t<\/div>\n\t\t\t<\/div>\n\t\t<\/section>\n\t\t\t\t<section class=\"elementor-element elementor-element-2e1e1ab7 elementor-section-height-min-height elementor-section-items-stretch elementor-section-boxed elementor-section-height-default elementor-section elementor-top-section\" data-id=\"2e1e1ab7\" data-element_type=\"section\" data-settings=\"{&quot;background_background&quot;:&quot;classic&quot;}\">\n\t\t\t\t\t\t<div class=\"elementor-container elementor-column-gap-default\">\n\t\t\t\t<div class=\"elementor-row\">\n\t\t\t\t<div class=\"elementor-element elementor-element-7a98f5a3 elementor-column elementor-col-50 elementor-top-column\" data-id=\"7a98f5a3\" data-element_type=\"column\">\n\t\t\t<div class=\"elementor-column-wrap  elementor-element-populated\">\n\t\t\t\t\t<div class=\"elementor-widget-wrap\">\n\t\t\t\t<div class=\"elementor-element elementor-element-110dd5dc elementor-widget elementor-widget-heading\" data-id=\"110dd5dc\" data-element_type=\"widget\" data-widget_type=\"heading.default\">\n\t\t\t\t<div class=\"elementor-widget-container\">\n\t\t\t<h3 class=\"elementor-heading-title elementor-size-default\">Prestations de l\u2019agence\n<\/h3>\t\t<\/div>\n\t\t\t\t<\/div>\n\t\t\t\t<div class=\"elementor-element elementor-element-37339d48 elementor-widget elementor-widget-text-editor\" data-id=\"37339d48\" data-element_type=\"widget\" data-widget_type=\"text-editor.default\">\n\t\t\t\t<div class=\"elementor-widget-container\">\n\t\t\t\t\t<div class=\"elementor-text-editor elementor-clearfix\"><ul><li>Conflits familiaux<\/li><li>Investigation adult\u00e8re, divorce<\/li><li>Litiges professionnels<\/li><li>Litiges d\u2019assurances<\/li><li>Litiges entre particuliers<\/li><li>Enqu\u00eate d\u2019un contentieux immobilier<\/li><li>Enqu\u00eate d\u2019escroquerie<\/li><li>Litiges entre deux entreprises<\/li><li>Recherche d\u2019une personne disparue<\/li><li>Recherche d\u2019une personne en vue d\u2019une action judiciaire<\/li><li>Harc\u00e8lement<\/li><li>Probl\u00e8mes li\u00e9s aux relations des enfants mineures ou de leur emploi du temps<\/li><li>Client myst\u00e8re pour l\u2019audit de commerce ( h\u00f4tels-restaurants, bars, magasins et autres )<\/li><li>Enqu\u00eate sur la maltraitance ou suspicion de maltraitance d\u2019animaux<\/li><\/ul><\/div>\n\t\t\t\t<\/div>\n\t\t\t\t<\/div>\n\t\t\t\t\t\t<\/div>\n\t\t\t<\/div>\n\t\t<\/div>\n\t\t\t\t<div class=\"elementor-element elementor-element-2990ecd elementor-column elementor-col-50 elementor-top-column\" data-id=\"2990ecd\" data-element_type=\"column\" data-settings=\"{&quot;background_background&quot;:&quot;classic&quot;}\">\n\t\t\t<div class=\"elementor-column-wrap  elementor-element-populated\">\n\t\t\t\t\t\t\t<div class=\"elementor-background-overlay\"><\/div>\n\t\t\t\t\t<div class=\"elementor-widget-wrap\">\n\t\t\t\t<div class=\"elementor-element elementor-element-33e07137 elementor-widget elementor-widget-heading\" data-id=\"33e07137\" data-element_type=\"widget\" data-widget_type=\"heading.default\">\n\t\t\t\t<div class=\"elementor-widget-container\">\n\t\t\t<h3 class=\"elementor-heading-title elementor-size-default\">Contact<\/h3>\t\t<\/div>\n\t\t\t\t<\/div>\n\t\t\t\t<div class=\"elementor-element elementor-element-58c56e38 elementor-icon-list--layout-traditional elementor-widget elementor-widget-icon-list\" data-id=\"58c56e38\" data-element_type=\"widget\" data-widget_type=\"icon-list.default\">\n\t\t\t\t<div class=\"elementor-widget-container\">\n\t\t\t\t\t<ul class=\"elementor-icon-list-items\">\n\t\t\t\t\t\t\t<li class=\"elementor-icon-list-item\" >\n\t\t\t\t\t<a href=\"mailto:mp@detective-roc.ch\">\t\t\t\t\t\t<span class=\"elementor-icon-list-icon\">\n\t\t\t\t\t\t\t<i aria-hidden=\"true\" class=\"fas fa-envelope\"><\/i>\t\t\t\t\t\t<\/span>\n\t\t\t\t\t\t\t\t\t\t<span class=\"elementor-icon-list-text\">mp@detective-roc.ch<\/span>\n\t\t\t\t\t\t\t\t\t\t\t<\/a>\n\t\t\t\t\t\t\t\t\t<\/li>\n\t\t\t\t\t\t\t\t<li class=\"elementor-icon-list-item\" >\n\t\t\t\t\t\t\t\t\t\t\t<span class=\"elementor-icon-list-icon\">\n\t\t\t\t\t\t\t<i aria-hidden=\"true\" class=\"fas fa-phone\"><\/i>\t\t\t\t\t\t<\/span>\n\t\t\t\t\t\t\t\t\t\t<span class=\"elementor-icon-list-text\">078 893 44 30<\/span>\n\t\t\t\t\t\t\t\t\t<\/li>\n\t\t\t\t\t\t<\/ul>\n\t\t\t\t<\/div>\n\t\t\t\t<\/div>\n\t\t\t\t<div class=\"elementor-element elementor-element-1983345a elementor-widget elementor-widget-text-editor\" data-id=\"1983345a\" data-element_type=\"widget\" data-widget_type=\"text-editor.default\">\n\t\t\t\t<div class=\"elementor-widget-container\">\n\t\t\t\t\t<div class=\"elementor-text-editor elementor-clearfix\"><p>Un engagement 24\/24 et 7j\/7<\/p><p>L\u2019agence rencontre personnellement le client (e) pour un entretien afin de fixer le mandat.<\/p><p>Analyse gratuite et sans engagement.<\/p><\/div>\n\t\t\t\t<\/div>\n\t\t\t\t<\/div>\n\t\t\t\t<div class=\"elementor-element elementor-element-5a43ef0 elementor-button-align-stretch elementor-widget elementor-widget-form\" data-id=\"5a43ef0\" data-element_type=\"widget\" data-settings=\"{&quot;step_next_label&quot;:&quot;Suivant&quot;,&quot;step_previous_label&quot;:&quot;Pr\\u00e9c\\u00e9dent&quot;,&quot;button_width&quot;:&quot;100&quot;,&quot;step_type&quot;:&quot;number_text&quot;,&quot;step_icon_shape&quot;:&quot;circle&quot;}\" data-widget_type=\"form.default\">\n\t\t\t\t<div class=\"elementor-widget-container\">\n\t\t\t\t\t<form class=\"elementor-form\" method=\"post\" name=\"Formulaire de contact\">\n\t\t\t<input type=\"hidden\" name=\"post_id\" value=\"8\"\/>\n\t\t\t<input type=\"hidden\" name=\"form_id\" value=\"5a43ef0\"\/>\n\n\t\t\t\n\t\t\t<div class=\"elementor-form-fields-wrapper elementor-labels-\">\n\t\t\t\t\t\t\t\t<div class=\"elementor-field-type-text elementor-field-group elementor-column elementor-field-group-name elementor-col-100\">\n\t\t\t\t\t<label for=\"form-field-name\" class=\"elementor-field-label elementor-screen-only\">Nom<\/label><input size=\"1\" type=\"text\" name=\"form_fields[name]\" id=\"form-field-name\" class=\"elementor-field elementor-size-xs  elementor-field-textual\" placeholder=\"Nom\">\t\t\t\t<\/div>\n\t\t\t\t\t\t\t\t<div class=\"elementor-field-type-email elementor-field-group elementor-column elementor-field-group-email elementor-col-100 elementor-field-required\">\n\t\t\t\t\t<label for=\"form-field-email\" class=\"elementor-field-label elementor-screen-only\">Emal<\/label><input size=\"1\" type=\"email\" name=\"form_fields[email]\" id=\"form-field-email\" class=\"elementor-field elementor-size-xs  elementor-field-textual\" placeholder=\"Email\" required=\"required\" aria-required=\"true\">\t\t\t\t<\/div>\n\t\t\t\t\t\t\t\t<div class=\"elementor-field-type-textarea elementor-field-group elementor-column elementor-field-group-message elementor-col-100\">\n\t\t\t\t\t<label for=\"form-field-message\" class=\"elementor-field-label elementor-screen-only\">Message<\/label><textarea class=\"elementor-field-textual elementor-field  elementor-size-xs\" name=\"form_fields[message]\" id=\"form-field-message\" rows=\"4\" placeholder=\"Message\"><\/textarea>\t\t\t\t<\/div>\n\t\t\t\t\t\t\t\t<div class=\"elementor-field-group elementor-column elementor-field-type-submit elementor-col-100 e-form__buttons\">\n\t\t\t\t\t<button type=\"submit\" class=\"elementor-button elementor-size-xs\">\n\t\t\t\t\t\t<span >\n\t\t\t\t\t\t\t\t\t\t\t\t\t\t\t<span class=\" elementor-button-icon\">\n\t\t\t\t\t\t\t\t\t\t\t\t\t\t\t\t\t\t\t\t\t\t\t\t\t\t<\/span>\n\t\t\t\t\t\t\t\t\t\t\t\t\t\t\t\t\t\t\t\t\t\t<span class=\"elementor-button-text\">Envoyer<\/span>\n\t\t\t\t\t\t\t\t\t\t\t\t\t<\/span>\n\t\t\t\t\t<\/button>\n\t\t\t\t<\/div>\n\t\t\t<\/div>\n\t\t<\/form>\n\t\t\t\t<\/div>\n\t\t\t\t<\/div>\n\t\t\t\t\t\t<\/div>\n\t\t\t<\/div>\n\t\t<\/div>\n\t\t\t\t\t\t<\/div>\n\t\t\t<\/div>\n\t\t<\/section>\n\t\t\t\t<section class=\"elementor-element elementor-element-7702b42a elementor-section-boxed elementor-section-height-default elementor-section-height-default elementor-section elementor-top-section\" data-id=\"7702b42a\" data-element_type=\"section\" data-settings=\"{&quot;background_background&quot;:&quot;classic&quot;}\">\n\t\t\t\t\t\t<div class=\"elementor-container elementor-column-gap-default\">\n\t\t\t\t<div class=\"elementor-row\">\n\t\t\t\t<div class=\"elementor-element elementor-element-449542c5 elementor-column elementor-col-50 elementor-top-column\" data-id=\"449542c5\" data-element_type=\"column\">\n\t\t\t<div class=\"elementor-column-wrap  elementor-element-populated\">\n\t\t\t\t\t<div class=\"elementor-widget-wrap\">\n\t\t\t\t<div class=\"elementor-element elementor-element-60f2aa8e elementor-widget elementor-widget-heading\" data-id=\"60f2aa8e\" data-element_type=\"widget\" data-widget_type=\"heading.default\">\n\t\t\t\t<div class=\"elementor-widget-container\">\n\t\t\t<h3 class=\"elementor-heading-title elementor-size-default\">\u00a9 Agence ROC, 2020<\/h3>\t\t<\/div>\n\t\t\t\t<\/div>\n\t\t\t\t\t\t<\/div>\n\t\t\t<\/div>\n\t\t<\/div>\n\t\t\t\t<div class=\"elementor-element elementor-element-4d058c3 elementor-column elementor-col-50 elementor-top-column\" data-id=\"4d058c3\" data-element_type=\"column\">\n\t\t\t<div class=\"elementor-column-wrap  elementor-element-populated\">\n\t\t\t\t\t<div class=\"elementor-widget-wrap\">\n\t\t\t\t<div class=\"elementor-element elementor-element-7d8aece3 elementor-widget elementor-widget-heading\" data-id=\"7d8aece3\" data-element_type=\"widget\" data-widget_type=\"heading.default\">\n\t\t\t\t<div class=\"elementor-widget-container\">\n\t\t\t<h3 class=\"elementor-heading-title elementor-size-default\"><a href=\"http:\/\/www.anyscreen.ch\" target=\"_blank\">Con\u00e7u par Anyscreen\n<\/a><\/h3>\t\t<\/div>\n\t\t\t\t<\/div>\n\t\t\t\t\t\t<\/div>\n\t\t\t<\/div>\n\t\t<\/div>\n\t\t\t\t\t\t<\/div>\n\t\t\t<\/div>\n\t\t<\/section>\n\t\t\t\t\t\t<\/div>\n\t\t\t<\/div>\n\t\t<\/div>\n\t\t","protected":false},"excerpt":{"rendered":"<p>Agence ROC Renseignement Op\u00e9rationnelle Confidentielle Dipl\u00f4me de d\u00e9tective et experte en contre-enqu\u00eate L\u2019Agence ROC est une agence d\u2019investigation, d\u2019enqu\u00eate et de renseignements qui intervient dans divers secteurs d\u2019activit\u00e9, tant professionnels que priv\u00e9s. Notre objectif ? Vous aider \u00e0 d\u00e9fendre vos int\u00e9r\u00eats en \u00e9tablissant un rapport pr\u00e9cis tant sur le plan l\u00e9gal qu\u2019\u00e9thique. A chaque dossier [&hellip;]<\/p>\n","protected":false},"author":1,"featured_media":0,"parent":0,"menu_order":0,"comment_status":"closed","ping_status":"closed","template":"elementor_canvas","meta":[],"yoast_head":"<!-- This site is optimized with the Yoast SEO plugin v14.9 - https:\/\/yoast.com\/wordpress\/plugins\/seo\/ -->\n<title>Agence ROC &bull; Agence ROC<\/title>\n<meta name=\"robots\" content=\"index, follow, max-snippet:-1, max-image-preview:large, max-video-preview:-1\" \/>\n<link rel=\"canonical\" href=\"https:\/\/detective-roc.ch\/\" \/>\n<meta property=\"og:locale\" content=\"fr_FR\" \/>\n<meta property=\"og:type\" content=\"article\" \/>\n<meta property=\"og:title\" content=\"Agence ROC &bull; Agence ROC\" \/>\n<meta property=\"og:description\" content=\"Agence ROC Renseignement Op\u00e9rationnelle Confidentielle Dipl\u00f4me de d\u00e9tective et experte en contre-enqu\u00eate L\u2019Agence ROC est une agence d\u2019investigation, d\u2019enqu\u00eate et de renseignements qui intervient dans divers secteurs d\u2019activit\u00e9, tant professionnels que priv\u00e9s. Notre objectif ? Vous aider \u00e0 d\u00e9fendre vos int\u00e9r\u00eats en \u00e9tablissant un rapport pr\u00e9cis tant sur le plan l\u00e9gal qu\u2019\u00e9thique. A chaque dossier [&hellip;]\" \/>\n<meta property=\"og:url\" content=\"https:\/\/detective-roc.ch\/\" \/>\n<meta property=\"og:site_name\" content=\"Agence ROC\" \/>\n<meta property=\"article:modified_time\" content=\"2020-08-31T10:52:49+00:00\" \/>\n<meta name=\"twitter:card\" content=\"summary_large_image\" \/>\n<script type=\"application\/ld+json\" class=\"yoast-schema-graph\">{\"@context\":\"https:\/\/schema.org\",\"@graph\":[{\"@type\":\"WebSite\",\"@id\":\"https:\/\/detective-roc.ch\/#website\",\"url\":\"https:\/\/detective-roc.ch\/\",\"name\":\"Agence ROC\",\"description\":\"Un site utilisant WordPress\",\"potentialAction\":[{\"@type\":\"SearchAction\",\"target\":\"https:\/\/detective-roc.ch\/?s={search_term_string}\",\"query-input\":\"required name=search_term_string\"}],\"inLanguage\":\"fr-FR\"},{\"@type\":\"WebPage\",\"@id\":\"https:\/\/detective-roc.ch\/#webpage\",\"url\":\"https:\/\/detective-roc.ch\/\",\"name\":\"Agence ROC &bull; Agence ROC\",\"isPartOf\":{\"@id\":\"https:\/\/detective-roc.ch\/#website\"},\"datePublished\":\"2020-08-18T13:18:06+00:00\",\"dateModified\":\"2020-08-31T10:52:49+00:00\",\"inLanguage\":\"fr-FR\",\"potentialAction\":[{\"@type\":\"ReadAction\",\"target\":[\"https:\/\/detective-roc.ch\/\"]}]}]}<\/script>\n<!-- \/ Yoast SEO plugin. -->","_links":{"self":[{"href":"https:\/\/detective-roc.ch\/index.php\/wp-json\/wp\/v2\/pages\/8"}],"collection":[{"href":"https:\/\/detective-roc.ch\/index.php\/wp-json\/wp\/v2\/pages"}],"about":[{"href":"https:\/\/detective-roc.ch\/index.php\/wp-json\/wp\/v2\/types\/page"}],"author":[{"embeddable":true,"href":"https:\/\/detective-roc.ch\/index.php\/wp-json\/wp\/v2\/users\/1"}],"replies":[{"embeddable":true,"href":"https:\/\/detective-roc.ch\/index.php\/wp-json\/wp\/v2\/comments?post=8"}],"version-history":[{"count":3,"href":"https:\/\/detective-roc.ch\/index.php\/wp-json\/wp\/v2\/pages\/8\/revisions"}],"predecessor-version":[{"id":17,"href":"https:\/\/detective-roc.ch\/index.php\/wp-json\/wp\/v2\/pages\/8\/revisions\/17"}],"wp:attachment":[{"href":"https:\/\/detective-roc.ch\/index.php\/wp-json\/wp\/v2\/media?parent=8"}],"curies":[{"name":"wp","href":"https:\/\/api.w.org\/{rel}","templated":true}]}}